{"id":16498,"date":"2021-12-09T15:38:30","date_gmt":"2021-12-09T15:38:30","guid":{"rendered":"https:\/\/www.novatecsrl.eu\/?page_id=16498"},"modified":"2025-06-08T16:09:01","modified_gmt":"2025-06-08T16:09:01","slug":"contacte","status":"publish","type":"page","link":"https:\/\/www.novatecsrl.eu\/ro\/contacte\/","title":{"rendered":"Contacte"},"content":{"rendered":"\t\t<div data-elementor-type=\"wp-page\" data-elementor-id=\"16498\" class=\"elementor elementor-16498 elementor-7613\">\n\t\t\t\t\t\t\t\t\t<section class=\"elementor-section elementor-top-section elementor-element elementor-element-06126ec qodef-elementor-content-grid elementor-section-content-middle elementor-section-boxed elementor-section-height-default elementor-section-height-default\" data-id=\"06126ec\" data-element_type=\"section\">\n\t\t\t\t\t\t<div class=\"elementor-container elementor-column-gap-default\">\n\t\t\t\t\t<div class=\"elementor-column elementor-col-50 elementor-top-column elementor-element elementor-element-69fce9d\" data-id=\"69fce9d\" data-element_type=\"column\">\n\t\t\t<div class=\"elementor-widget-wrap elementor-element-populated\">\n\t\t\t\t\t\t\t\t<div class=\"elementor-element elementor-element-e6a7e31 elementor-widget__width-initial elementor-widget-tablet__width-inherit elementor-widget elementor-widget-webon_core_section_title\" data-id=\"e6a7e31\" data-element_type=\"widget\" data-widget_type=\"webon_core_section_title.default\">\n\t\t\t\t<div class=\"elementor-widget-container\">\n\t\t\t<div class=\"qodef-shortcode qodef-m  qodef-section-title qodef-alignment--left   \">\n\t\t\t<h3 class=\"qodef-m-title\" >\n\t\t\u00cemp\u0103rt\u0103\u0219i\u021bi-ne proiectul dvs. \t<\/h3>\n\t\t<p class=\"qodef-m-text\" style=\"margin-top: 22px\"><p><span style=\"font-weight: 400\">Suntem specializa\u021bi \u00een proiectarea \u0219i produc\u021bia de cofraje pentru industria prefabricatelor.<\/span><\/p><p>\u00a0<\/p><p><span style=\"font-weight: 400\">Contacta\u021bi-ne pentru a afla cum solu\u021biile noastre automate pot fi perfect adaptate nevoilor dvs.<\/span><\/p><\/p>\n\t<\/div>\t\t<\/div>\n\t\t\t\t<\/div>\n\t\t\t\t<section class=\"elementor-section elementor-inner-section elementor-element elementor-element-a39eaa5 qodef-link-custom-style elementor-section-boxed elementor-section-height-default elementor-section-height-default qodef-elementor-content-no\" data-id=\"a39eaa5\" data-element_type=\"section\">\n\t\t\t\t\t\t<div class=\"elementor-container elementor-column-gap-default\">\n\t\t\t\t\t<div class=\"elementor-column elementor-col-50 elementor-inner-column elementor-element elementor-element-8565f58\" data-id=\"8565f58\" data-element_type=\"column\">\n\t\t\t<div class=\"elementor-widget-wrap elementor-element-populated\">\n\t\t\t\t\t\t\t\t<div class=\"elementor-element elementor-element-3a4f2a3 elementor-widget elementor-widget-webon_core_section_title\" data-id=\"3a4f2a3\" data-element_type=\"widget\" data-widget_type=\"webon_core_section_title.default\">\n\t\t\t\t<div class=\"elementor-widget-container\">\n\t\t\t<div class=\"qodef-shortcode qodef-m  qodef-section-title qodef-alignment--left   \">\n\t\t\t<h5 class=\"qodef-m-title\" >\n\t\tAdres\u0103\t<\/h5>\n\t\t<\/div>\t\t<\/div>\n\t\t\t\t<\/div>\n\t\t\t\t<div class=\"elementor-element elementor-element-2c53d52 elementor-widget elementor-widget-text-editor\" data-id=\"2c53d52\" data-element_type=\"widget\" data-widget_type=\"text-editor.default\">\n\t\t\t\t<div class=\"elementor-widget-container\">\n\t\t\t<style>\/*! elementor - v3.7.8 - 02-10-2022 *\/\n.elementor-widget-text-editor.elementor-drop-cap-view-stacked .elementor-drop-cap{background-color:#818a91;color:#fff}.elementor-widget-text-editor.elementor-drop-cap-view-framed .elementor-drop-cap{color:#818a91;border:3px solid;background-color:transparent}.elementor-widget-text-editor:not(.elementor-drop-cap-view-default) .elementor-drop-cap{margin-top:8px}.elementor-widget-text-editor:not(.elementor-drop-cap-view-default) .elementor-drop-cap-letter{width:1em;height:1em}.elementor-widget-text-editor .elementor-drop-cap{float:left;text-align:center;line-height:1;font-size:50px}.elementor-widget-text-editor .elementor-drop-cap-letter{display:inline-block}<\/style>\t\t\t\t<p>Via Dalton, 48<br \/>41122 \u2013 Modena, Italia<\/p>\t\t\t\t\t\t<\/div>\n\t\t\t\t<\/div>\n\t\t\t\t\t<\/div>\n\t\t<\/div>\n\t\t\t\t<div class=\"elementor-column elementor-col-50 elementor-inner-column elementor-element elementor-element-cbb0bbb\" data-id=\"cbb0bbb\" data-element_type=\"column\">\n\t\t\t<div class=\"elementor-widget-wrap elementor-element-populated\">\n\t\t\t\t\t\t\t\t<div class=\"elementor-element elementor-element-788a073 elementor-widget elementor-widget-webon_core_section_title\" data-id=\"788a073\" data-element_type=\"widget\" data-widget_type=\"webon_core_section_title.default\">\n\t\t\t\t<div class=\"elementor-widget-container\">\n\t\t\t<div class=\"qodef-shortcode qodef-m  qodef-section-title qodef-alignment--left   \">\n\t\t\t<h5 class=\"qodef-m-title\" >\n\t\tContacte\t<\/h5>\n\t\t<\/div>\t\t<\/div>\n\t\t\t\t<\/div>\n\t\t\t\t<div class=\"elementor-element elementor-element-7834f19 elementor-widget elementor-widget-text-editor\" data-id=\"7834f19\" data-element_type=\"widget\" data-widget_type=\"text-editor.default\">\n\t\t\t\t<div class=\"elementor-widget-container\">\n\t\t\t\t\t\t\tTel. <a href=\"tel:+39059924525\">+39 059 924525<\/a><br>\nE. <a href=\"mailto:info@novatecsrl.eu\">info@novatecsrl.eu<\/a>\t\t\t\t\t\t<\/div>\n\t\t\t\t<\/div>\n\t\t\t\t\t<\/div>\n\t\t<\/div>\n\t\t\t\t\t\t\t<\/div>\n\t\t<\/section>\n\t\t\t\t<div class=\"elementor-element elementor-element-22679c4 elementor-widget elementor-widget-webon_core_section_title\" data-id=\"22679c4\" data-element_type=\"widget\" data-widget_type=\"webon_core_section_title.default\">\n\t\t\t\t<div class=\"elementor-widget-container\">\n\t\t\t<div class=\"qodef-shortcode qodef-m  qodef-section-title qodef-alignment--left   \">\n\t\t\t<h5 class=\"qodef-m-title\" >\n\t\tUrm\u0103ri\u021bi-ne\t<\/h5>\n\t\t<\/div>\t\t<\/div>\n\t\t\t\t<\/div>\n\t\t\t\t<div class=\"elementor-element elementor-element-abc9b1e elementor-widget elementor-widget-wp-widget-webon_core_social_icons_group\" data-id=\"abc9b1e\" data-element_type=\"widget\" data-widget_type=\"wp-widget-webon_core_social_icons_group.default\">\n\t\t\t\t<div class=\"elementor-widget-container\">\n\t\t\t            <div class=\"qodef-social-icons-group\">\n\t\t\t\t<span class=\"qodef-shortcode qodef-m  qodef-icon-holder  qodef-layout--normal\"  style=\"margin: 0px 23px 0px 0px\">\n\t\t\t<a itemprop=\"url\" href=\"https:\/\/it.linkedin.com\/company\/novatecsrl\" target=\"_blank\">\n            <span class=\"qodef-icon-elegant-icons social_linkedin qodef-icon qodef-e\" style=\"\" ><\/span>            <\/a>\n\t<\/span>            <\/div>\n\t\t\t\t<\/div>\n\t\t\t\t<\/div>\n\t\t\t\t\t<\/div>\n\t\t<\/div>\n\t\t\t\t<div class=\"elementor-column elementor-col-50 elementor-top-column elementor-element elementor-element-8cd7120\" data-id=\"8cd7120\" data-element_type=\"column\">\n\t\t\t<div class=\"elementor-widget-wrap elementor-element-populated\">\n\t\t\t\t\t\t\t\t<div class=\"elementor-element elementor-element-b032492 elementor-widget elementor-widget-wp-widget-webon_core_contact_form_7\" data-id=\"b032492\" data-element_type=\"widget\" data-widget_type=\"wp-widget-webon_core_contact_form_7.default\">\n\t\t\t\t<div class=\"elementor-widget-container\">\n\t\t\t\t\t\t<div class=\"qodef-contact-form-7\">\n\t\t\t\t<div role=\"form\" class=\"wpcf7\" id=\"wpcf7-f13692-o1\" lang=\"it-IT\" dir=\"ltr\">\n<div class=\"screen-reader-response\"><p role=\"status\" aria-live=\"polite\" aria-atomic=\"true\"><\/p> <ul><\/ul><\/div>\n<form action=\"\/ro\/wp-json\/wp\/v2\/pages\/16498#wpcf7-f13692-o1\" method=\"post\" class=\"wpcf7-form init\" novalidate=\"novalidate\" data-status=\"init\">\n<div style=\"display: none;\">\n<input type=\"hidden\" name=\"_wpcf7\" value=\"13692\" \/>\n<input type=\"hidden\" name=\"_wpcf7_version\" value=\"5.5.3\" \/>\n<input type=\"hidden\" name=\"_wpcf7_locale\" value=\"it_IT\" \/>\n<input type=\"hidden\" name=\"_wpcf7_unit_tag\" value=\"wpcf7-f13692-o1\" \/>\n<input type=\"hidden\" name=\"_wpcf7_container_post\" value=\"0\" \/>\n<input type=\"hidden\" name=\"_wpcf7_posted_data_hash\" value=\"\" \/>\n<input type=\"hidden\" name=\"_wpcf7_recaptcha_response\" value=\"\" \/>\n<\/div>\n<div class=\"qodef-custom-contact-form\">\n\n<span class=\"wpcf7-form-control-wrap your-email\"><input type=\"email\" name=\"your-email\" value=\"\" size=\"40\" class=\"wpcf7-form-control wpcf7-text wpcf7-email wpcf7-validates-as-required wpcf7-validates-as-email\" aria-required=\"true\" aria-invalid=\"false\" placeholder=\"Email\" \/><\/span>\n\n<span class=\"wpcf7-form-control-wrap your-name\"><input type=\"text\" name=\"your-name\" value=\"\" size=\"40\" class=\"wpcf7-form-control wpcf7-text wpcf7-validates-as-required\" aria-required=\"true\" aria-invalid=\"false\" placeholder=\"Nume\" \/><\/span>\n\n<span class=\"wpcf7-form-control-wrap your-message\"><textarea name=\"your-message\" cols=\"40\" rows=\"10\" class=\"wpcf7-form-control wpcf7-textarea\" aria-invalid=\"false\" placeholder=\"Mesaj\"><\/textarea><\/span>\n<span class=\"wpcf7-form-control-wrap acceptance-95\"><span class=\"wpcf7-form-control wpcf7-acceptance\"><span class=\"wpcf7-list-item\"><input type=\"checkbox\" name=\"acceptance-95\" value=\"1\" aria-invalid=\"false\" \/><\/span><\/span><\/span> <span style=\"font-size:10px;\">Declar c\u0103 am citit <a href=\"https:\/\/www.iubenda.com\/privacy-policy\/70153257\" class=\"iubenda-nostyle no-brand iubenda-noiframe iubenda-embed iubenda-noiframe \" title=\"Privacy Policy \">Politica de confiden\u021bialitate<\/a><script type=\"text\/javascript\">(function (w,d) {var loader = function () {var s = d.createElement(\"script\"), tag = d.getElementsByTagName(\"script\")[0]; s.src=\"https:\/\/cdn.iubenda.com\/iubenda.js\"; tag.parentNode.insertBefore(s,tag);}; if(w.addEventListener){w.addEventListener(\"load\", loader, false);}else if(w.attachEvent){w.attachEvent(\"onload\", loader);}else{w.onload = loader;}})(window, document);<\/script> \u0219i v\u0103 autorizez prin prezenta s\u0103 utiliza\u021bi \u0219i s\u0103 procesa\u021bi datele mele personale.<\/span>\n<div style=\"margin-top: -4px;\"><button type=\"submit\" class=\"wpcf7-form-control wpcf7-submit qodef-button qodef-size--normal qodef-layout--textual qodef-arrow-button qodef-m\"><span class=\"qodef-m-text\">Trimite\u021bi un mesaj<\/span><svg  xmlns=\"http:\/\/www.w3.org\/2000\/svg\" xmlns:xlink=\"http:\/\/www.w3.org\/1999\/xlink\" width=\"34px\" height=\"16px\" viewBox=\"0 0 34.53 16\" xml:space=\"preserve\"><rect class=\"qodef-button-line\" y=\"7.6\" width=\"34\" height=\".4\"><\/rect><g class=\"qodef-button-cap-fake\"><path class=\"qodef-button-cap\" d=\"M25.83.7l.7-.7,8,8-.7.71Zm0,14.6,8-8,.71.71-8,8Z\"\/><\/g><\/svg><\/button><\/div>\n\n<\/div><div class=\"wpcf7-response-output\" aria-hidden=\"true\"><\/div><\/form><\/div>\t\t\t<\/div>\n\t\t\t\t\t<\/div>\n\t\t\t\t<\/div>\n\t\t\t\t\t<\/div>\n\t\t<\/div>\n\t\t\t\t\t\t\t<\/div>\n\t\t<\/section>\n\t\t\t\t<section class=\"elementor-section elementor-top-section elementor-element elementor-element-2c2b6ea elementor-section-full_width elementor-section-height-default elementor-section-height-default qodef-elementor-content-no\" data-id=\"2c2b6ea\" data-element_type=\"section\">\n\t\t\t\t\t\t<div class=\"elementor-container elementor-column-gap-default\">\n\t\t\t\t\t<div class=\"elementor-column elementor-col-100 elementor-top-column elementor-element elementor-element-07e9f37\" data-id=\"07e9f37\" data-element_type=\"column\">\n\t\t\t<div class=\"elementor-widget-wrap elementor-element-populated\">\n\t\t\t\t\t\t\t\t<div class=\"elementor-element elementor-element-e539eb9 elementor-widget elementor-widget-webon_core_google_map\" data-id=\"e539eb9\" data-element_type=\"widget\" data-widget_type=\"webon_core_google_map.default\">\n\t\t\t\t<div class=\"elementor-widget-container\">\n\t\t\t<div class=\"qodef-shortcode qodef-m  qodef-google-map\">\n\t<div class=\"qodef-m-map\" id=\"qodef-map-id--1\" data-addresses='[\"Novatec Modena\"]' data-pin=https:\/\/www.novatecsrl.eu\/wp-content\/uploads\/2021\/12\/novatec-marker.png data-unique-id=1 data-height=700><\/div>\n<\/div>\t\t<\/div>\n\t\t\t\t<\/div>\n\t\t\t\t\t<\/div>\n\t\t<\/div>\n\t\t\t\t\t\t\t<\/div>\n\t\t<\/section>\n\t\t\t\t\t\t\t<\/div>\n\t\t","protected":false},"excerpt":{"rendered":"<p>\u00cemp\u0103rt\u0103\u0219i\u021bi-ne proiectul dvs. Suntem specializa\u021bi \u00een proiectarea \u0219i produc\u021bia de cofraje pentru industria prefabricatelor. \u00a0 Contacta\u021bi-ne pentru a afla cum solu\u021biile noastre automate pot fi perfect adaptate nevoilor dvs. Adres\u0103 Via Dalton, 4841122 &#8211; Modena, Italia Contacte Tel. +39 059 924525 E. info@novatecsrl.eu Urm\u0103ri\u021bi-ne<\/p>\n","protected":false},"author":6,"featured_media":0,"parent":0,"menu_order":0,"comment_status":"closed","ping_status":"closed","template":"page-full-width.php","meta":{"_vp_format_video_url":"","_vp_image_focal_point":[],"footnotes":""},"class_list":["post-16498","page","type-page","status-publish","hentry"],"_links":{"self":[{"href":"https:\/\/www.novatecsrl.eu\/ro\/wp-json\/wp\/v2\/pages\/16498","targetHints":{"allow":["GET"]}}],"collection":[{"href":"https:\/\/www.novatecsrl.eu\/ro\/wp-json\/wp\/v2\/pages"}],"about":[{"href":"https:\/\/www.novatecsrl.eu\/ro\/wp-json\/wp\/v2\/types\/page"}],"author":[{"embeddable":true,"href":"https:\/\/www.novatecsrl.eu\/ro\/wp-json\/wp\/v2\/users\/6"}],"replies":[{"embeddable":true,"href":"https:\/\/www.novatecsrl.eu\/ro\/wp-json\/wp\/v2\/comments?post=16498"}],"version-history":[{"count":9,"href":"https:\/\/www.novatecsrl.eu\/ro\/wp-json\/wp\/v2\/pages\/16498\/revisions"}],"predecessor-version":[{"id":17423,"href":"https:\/\/www.novatecsrl.eu\/ro\/wp-json\/wp\/v2\/pages\/16498\/revisions\/17423"}],"wp:attachment":[{"href":"https:\/\/www.novatecsrl.eu\/ro\/wp-json\/wp\/v2\/media?parent=16498"}],"curies":[{"name":"wp","href":"https:\/\/api.w.org\/{rel}","templated":true}]}}